{"id":3605,"date":"2024-03-04T11:56:03","date_gmt":"2024-03-04T11:56:03","guid":{"rendered":"https:\/\/demo.labussolahotel.it\/unser-hotel\/"},"modified":"2024-06-27T04:53:26","modified_gmt":"2024-06-27T04:53:26","slug":"unser-hotel","status":"publish","type":"page","link":"https:\/\/www.labussolahotel.it\/de\/unser-hotel\/","title":{"rendered":"Unser Hotel"},"content":{"rendered":"\t\t<div data-elementor-type=\"wp-page\" data-elementor-id=\"3605\" class=\"elementor elementor-3605 elementor-789\">\n\t\t\t\t\t\t<section class=\"elementor-section elementor-top-section elementor-element elementor-element-9d11e26 elementor-section-full_width elementor-section-height-default elementor-section-height-default\" data-id=\"9d11e26\" data-element_type=\"section\" data-e-type=\"section\">\n\t\t\t\t\t\t<div class=\"elementor-container elementor-column-gap-extended\">\n\t\t\t\t\t<div class=\"elementor-column elementor-col-100 elementor-top-column elementor-element elementor-element-7ecac50\" data-id=\"7ecac50\" data-element_type=\"column\" data-e-type=\"column\">\n\t\t\t<div class=\"elementor-widget-wrap elementor-element-populated\">\n\t\t\t\t\t\t<div class=\"elementor-element elementor-element-165eecb elementor-widget elementor-widget-image\" data-id=\"165eecb\" data-element_type=\"widget\" data-e-type=\"widget\" data-widget_type=\"image.default\">\n\t\t\t\t<div class=\"elementor-widget-container\">\n\t\t\t\t\t\t\t\t\t\t\t\t\t\t\t<img decoding=\"async\" width=\"209\" height=\"45\" src=\"https:\/\/www.labussolahotel.it\/wp-content\/uploads\/2023\/04\/divider_01.svg\" class=\"attachment-full size-full wp-image-115\" alt=\"\" \/>\t\t\t\t\t\t\t\t\t\t\t\t\t\t\t<\/div>\n\t\t\t\t<\/div>\n\t\t\t\t<div class=\"elementor-element elementor-element-d753c0c elementor-widget elementor-widget-spacer\" data-id=\"d753c0c\" data-element_type=\"widget\" data-e-type=\"widget\" data-widget_type=\"spacer.default\">\n\t\t\t\t<div class=\"elementor-widget-container\">\n\t\t\t\t\t\t\t<div class=\"elementor-spacer\">\n\t\t\t<div class=\"elementor-spacer-inner\"><\/div>\n\t\t<\/div>\n\t\t\t\t\t\t<\/div>\n\t\t\t\t<\/div>\n\t\t\t\t<div class=\"elementor-element elementor-element-0cff3f5 elementor-widget elementor-widget-heading\" data-id=\"0cff3f5\" data-element_type=\"widget\" data-e-type=\"widget\" data-widget_type=\"heading.default\">\n\t\t\t\t<div class=\"elementor-widget-container\">\n\t\t\t\t\t<h2 class=\"elementor-heading-title elementor-size-default\">Leidenschaft und Hingabe f\u00fcr die Gastfreundschaft in einem privilegierten Umfeld<\/h2>\t\t\t\t<\/div>\n\t\t\t\t<\/div>\n\t\t\t\t<div class=\"elementor-element elementor-element-9b54ab4 elementor-widget-divider--view-line elementor-widget elementor-widget-divider\" data-id=\"9b54ab4\" data-element_type=\"widget\" data-e-type=\"widget\" data-widget_type=\"divider.default\">\n\t\t\t\t<div class=\"elementor-widget-container\">\n\t\t\t\t\t\t\t<div class=\"elementor-divider\">\n\t\t\t<span class=\"elementor-divider-separator\">\n\t\t\t\t\t\t<\/span>\n\t\t<\/div>\n\t\t\t\t\t\t<\/div>\n\t\t\t\t<\/div>\n\t\t\t\t<div class=\"elementor-element elementor-element-a0d5368 elementor-widget elementor-widget-spacer\" data-id=\"a0d5368\" data-element_type=\"widget\" data-e-type=\"widget\" data-widget_type=\"spacer.default\">\n\t\t\t\t<div class=\"elementor-widget-container\">\n\t\t\t\t\t\t\t<div class=\"elementor-spacer\">\n\t\t\t<div class=\"elementor-spacer-inner\"><\/div>\n\t\t<\/div>\n\t\t\t\t\t\t<\/div>\n\t\t\t\t<\/div>\n\t\t\t\t\t<\/div>\n\t\t<\/div>\n\t\t\t\t\t<\/div>\n\t\t<\/section>\n\t\t\t\t<section class=\"elementor-section elementor-top-section elementor-element elementor-element-66deae9 elementor-section-full_width elementor-section-height-default elementor-section-height-default\" data-id=\"66deae9\" data-element_type=\"section\" data-e-type=\"section\">\n\t\t\t\t\t\t<div class=\"elementor-container elementor-column-gap-extended\">\n\t\t\t\t\t<div class=\"elementor-column elementor-col-100 elementor-top-column elementor-element elementor-element-ac1fd4d\" data-id=\"ac1fd4d\" data-element_type=\"column\" data-e-type=\"column\">\n\t\t\t<div class=\"elementor-widget-wrap elementor-element-populated\">\n\t\t\t\t\t\t<div class=\"elementor-element elementor-element-706c934 elementor-widget elementor-widget-spacer\" data-id=\"706c934\" data-element_type=\"widget\" data-e-type=\"widget\" data-widget_type=\"spacer.default\">\n\t\t\t\t<div class=\"elementor-widget-container\">\n\t\t\t\t\t\t\t<div class=\"elementor-spacer\">\n\t\t\t<div class=\"elementor-spacer-inner\"><\/div>\n\t\t<\/div>\n\t\t\t\t\t\t<\/div>\n\t\t\t\t<\/div>\n\t\t\t\t<div class=\"elementor-element elementor-element-c4f698f elementor-widget elementor-widget-text-editor\" data-id=\"c4f698f\" data-element_type=\"widget\" data-e-type=\"widget\" data-widget_type=\"text-editor.default\">\n\t\t\t\t<div class=\"elementor-widget-container\">\n\t\t\t\t\t\t\t\t\t<p>Das Hotel La Bussola in Amalfi ist das Ergebnis der sorgf\u00e4ltigen Restaurierung einer alten Nudelfabrik aus den fr\u00fchen 1900er Jahren, die direkt am Meer gebaut wurde und von der alle tragenden Strukturen mit gro\u00dfen Tuffsteinw\u00e4nden und gro\u00dfen Kubikmetern erhalten wurden, wodurch R\u00e4ume mit hohen Decken und viel nat\u00fcrlichem Licht entstanden sind.<br \/>Es wurde 1963 als Familienbetrieb er\u00f6ffnet und wird von der Familie Di Lieto-Bergamasco mit Leidenschaft und Hingabe gef\u00fchrt. Der Name erinnert an unsere Vorfahren, die das Instrument des Kompasses in Europa einf\u00fchrten, und an unsere Berufung, unsere G\u00e4ste zu betreuen und zu f\u00fchren.<\/p>\n\t\t\t\t\t\t\t\t<\/div>\n\t\t\t\t<\/div>\n\t\t\t\t<div class=\"elementor-element elementor-element-5dfb7f2 elementor-widget elementor-widget-spacer\" data-id=\"5dfb7f2\" data-element_type=\"widget\" data-e-type=\"widget\" data-widget_type=\"spacer.default\">\n\t\t\t\t<div class=\"elementor-widget-container\">\n\t\t\t\t\t\t\t<div class=\"elementor-spacer\">\n\t\t\t<div class=\"elementor-spacer-inner\"><\/div>\n\t\t<\/div>\n\t\t\t\t\t\t<\/div>\n\t\t\t\t<\/div>\n\t\t\t\t\t<\/div>\n\t\t<\/div>\n\t\t\t\t\t<\/div>\n\t\t<\/section>\n\t\t\t\t<section class=\"elementor-section elementor-top-section elementor-element elementor-element-8ffc868 elementor-section-full_width elementor-section-height-default elementor-section-height-default\" data-id=\"8ffc868\" data-element_type=\"section\" data-e-type=\"section\">\n\t\t\t\t\t\t<div class=\"elementor-container elementor-column-gap-extended\">\n\t\t\t\t\t<div class=\"elementor-column elementor-col-100 elementor-top-column elementor-element elementor-element-6a956e0\" data-id=\"6a956e0\" data-element_type=\"column\" data-e-type=\"column\">\n\t\t\t<div class=\"elementor-widget-wrap elementor-element-populated\">\n\t\t\t\t\t\t<div class=\"elementor-element elementor-element-32f8c1d elementor-widget elementor-widget-spacer\" data-id=\"32f8c1d\" data-element_type=\"widget\" data-e-type=\"widget\" data-widget_type=\"spacer.default\">\n\t\t\t\t<div class=\"elementor-widget-container\">\n\t\t\t\t\t\t\t<div class=\"elementor-spacer\">\n\t\t\t<div class=\"elementor-spacer-inner\"><\/div>\n\t\t<\/div>\n\t\t\t\t\t\t<\/div>\n\t\t\t\t<\/div>\n\t\t\t\t<div class=\"elementor-element elementor-element-30b3aff gallery-spacing-custom elementor-widget elementor-widget-image-gallery\" data-id=\"30b3aff\" data-element_type=\"widget\" data-e-type=\"widget\" data-widget_type=\"image-gallery.default\">\n\t\t\t\t<div class=\"elementor-widget-container\">\n\t\t\t\t\t\t\t<div class=\"elementor-image-gallery\">\n\t\t\t<div id='gallery-1' class='gallery galleryid-3605 gallery-columns-3 gallery-size-large'><figure class='gallery-item'>\n\t\t\t<div class='gallery-icon portrait'>\n\t\t\t\t<a data-elementor-open-lightbox=\"no\" href='https:\/\/www.labussolahotel.it\/wp-content\/uploads\/2024\/05\/Hotel-La-Bussola-Amalfi-anno-1946.jpg' data-lightbox=\"gal[3605]\"><img fetchpriority=\"high\" decoding=\"async\" width=\"683\" height=\"1024\" src=\"https:\/\/www.labussolahotel.it\/wp-content\/uploads\/2024\/05\/Hotel-La-Bussola-Amalfi-anno-1946-683x1024.jpg\" class=\"attachment-large size-large\" alt=\"\" srcset=\"https:\/\/www.labussolahotel.it\/wp-content\/uploads\/2024\/05\/Hotel-La-Bussola-Amalfi-anno-1946-683x1024.jpg 683w, https:\/\/www.labussolahotel.it\/wp-content\/uploads\/2024\/05\/Hotel-La-Bussola-Amalfi-anno-1946-200x300.jpg 200w, https:\/\/www.labussolahotel.it\/wp-content\/uploads\/2024\/05\/Hotel-La-Bussola-Amalfi-anno-1946-768x1152.jpg 768w, https:\/\/www.labussolahotel.it\/wp-content\/uploads\/2024\/05\/Hotel-La-Bussola-Amalfi-anno-1946-1024x1536.jpg 1024w, https:\/\/www.labussolahotel.it\/wp-content\/uploads\/2024\/05\/Hotel-La-Bussola-Amalfi-anno-1946.jpg 1280w\" sizes=\"(max-width: 683px) 100vw, 683px\" \/><\/a>\n\t\t\t<\/div><\/figure><figure class='gallery-item'>\n\t\t\t<div class='gallery-icon portrait'>\n\t\t\t\t<a data-elementor-open-lightbox=\"no\" href='https:\/\/www.labussolahotel.it\/wp-content\/uploads\/2024\/03\/Hotel-La-Bussola-Amalfi-famiglia.jpg' data-lightbox=\"gal[3605]\"><img decoding=\"async\" width=\"683\" height=\"1024\" src=\"https:\/\/www.labussolahotel.it\/wp-content\/uploads\/2024\/03\/Hotel-La-Bussola-Amalfi-famiglia-683x1024.jpg\" class=\"attachment-large size-large\" alt=\"\" srcset=\"https:\/\/www.labussolahotel.it\/wp-content\/uploads\/2024\/03\/Hotel-La-Bussola-Amalfi-famiglia-683x1024.jpg 683w, https:\/\/www.labussolahotel.it\/wp-content\/uploads\/2024\/03\/Hotel-La-Bussola-Amalfi-famiglia-200x300.jpg 200w, https:\/\/www.labussolahotel.it\/wp-content\/uploads\/2024\/03\/Hotel-La-Bussola-Amalfi-famiglia-768x1152.jpg 768w, https:\/\/www.labussolahotel.it\/wp-content\/uploads\/2024\/03\/Hotel-La-Bussola-Amalfi-famiglia-1024x1536.jpg 1024w, https:\/\/www.labussolahotel.it\/wp-content\/uploads\/2024\/03\/Hotel-La-Bussola-Amalfi-famiglia.jpg 1280w\" sizes=\"(max-width: 683px) 100vw, 683px\" \/><\/a>\n\t\t\t<\/div><\/figure><figure class='gallery-item'>\n\t\t\t<div class='gallery-icon portrait'>\n\t\t\t\t<a data-elementor-open-lightbox=\"no\" href='https:\/\/www.labussolahotel.it\/wp-content\/uploads\/2024\/03\/Hotel-La-Bussola-Amalfi-0163.jpg' data-lightbox=\"gal[3605]\"><img loading=\"lazy\" decoding=\"async\" width=\"683\" height=\"1024\" src=\"https:\/\/www.labussolahotel.it\/wp-content\/uploads\/2024\/03\/Hotel-La-Bussola-Amalfi-0163-683x1024.jpg\" class=\"attachment-large size-large\" alt=\"\" srcset=\"https:\/\/www.labussolahotel.it\/wp-content\/uploads\/2024\/03\/Hotel-La-Bussola-Amalfi-0163-683x1024.jpg 683w, https:\/\/www.labussolahotel.it\/wp-content\/uploads\/2024\/03\/Hotel-La-Bussola-Amalfi-0163-200x300.jpg 200w, https:\/\/www.labussolahotel.it\/wp-content\/uploads\/2024\/03\/Hotel-La-Bussola-Amalfi-0163-768x1152.jpg 768w, https:\/\/www.labussolahotel.it\/wp-content\/uploads\/2024\/03\/Hotel-La-Bussola-Amalfi-0163-1024x1536.jpg 1024w, https:\/\/www.labussolahotel.it\/wp-content\/uploads\/2024\/03\/Hotel-La-Bussola-Amalfi-0163.jpg 1280w\" sizes=\"(max-width: 683px) 100vw, 683px\" \/><\/a>\n\t\t\t<\/div><\/figure>\n\t\t<\/div>\n\t\t<\/div>\n\t\t\t\t\t\t<\/div>\n\t\t\t\t<\/div>\n\t\t\t\t<div class=\"elementor-element elementor-element-4f9cd17 elementor-widget elementor-widget-spacer\" data-id=\"4f9cd17\" data-element_type=\"widget\" data-e-type=\"widget\" data-widget_type=\"spacer.default\">\n\t\t\t\t<div class=\"elementor-widget-container\">\n\t\t\t\t\t\t\t<div class=\"elementor-spacer\">\n\t\t\t<div class=\"elementor-spacer-inner\"><\/div>\n\t\t<\/div>\n\t\t\t\t\t\t<\/div>\n\t\t\t\t<\/div>\n\t\t\t\t<div class=\"elementor-element elementor-element-83be03c elementor-widget elementor-widget-text-editor\" data-id=\"83be03c\" data-element_type=\"widget\" data-e-type=\"widget\" data-widget_type=\"text-editor.default\">\n\t\t\t\t<div class=\"elementor-widget-container\">\n\t\t\t\t\t\t\t\t\t<p>Unser Ziel ist es, eine entspannende und einladende Erfahrung zu bieten, die f\u00fcr alle Reisenden ein Zuhause und eine Familie sein kann, die nicht zu Hause ist. Unser Hotel soll ein Ort der Begegnung, des Wiedersehens und der Erf\u00fcllung von Tr\u00e4umen sein, und dank unserer G\u00e4ste k\u00f6nnen wir unser Leben verwirklichen.<\/p>\n<p>Das Geb\u00e4ude liegt an der Strandpromenade, nur wenige Schritte vom Meer und hundert Meter von der Touristenmole, dem Busbahnhof und dem Domplatz entfernt. Dank seiner zentralen Lage ist das Hotel eine bequeme und komfortable L\u00f6sung, um die Amalfik\u00fcste, die von der UNESCO zum Weltkulturerbe erkl\u00e4rt wurde, in vollen Z\u00fcgen zu genie\u00dfen.<\/p>\n\t\t\t\t\t\t\t\t<\/div>\n\t\t\t\t<\/div>\n\t\t\t\t<div class=\"elementor-element elementor-element-8c362fe elementor-widget-divider--view-line elementor-widget elementor-widget-divider\" data-id=\"8c362fe\" data-element_type=\"widget\" data-e-type=\"widget\" data-widget_type=\"divider.default\">\n\t\t\t\t<div class=\"elementor-widget-container\">\n\t\t\t\t\t\t\t<div class=\"elementor-divider\">\n\t\t\t<span class=\"elementor-divider-separator\">\n\t\t\t\t\t\t<\/span>\n\t\t<\/div>\n\t\t\t\t\t\t<\/div>\n\t\t\t\t<\/div>\n\t\t\t\t<div class=\"elementor-element elementor-element-188ac2c elementor-widget elementor-widget-spacer\" data-id=\"188ac2c\" data-element_type=\"widget\" data-e-type=\"widget\" data-widget_type=\"spacer.default\">\n\t\t\t\t<div class=\"elementor-widget-container\">\n\t\t\t\t\t\t\t<div class=\"elementor-spacer\">\n\t\t\t<div class=\"elementor-spacer-inner\"><\/div>\n\t\t<\/div>\n\t\t\t\t\t\t<\/div>\n\t\t\t\t<\/div>\n\t\t\t\t<div class=\"elementor-element elementor-element-947fea8 elementor-align-center elementor-widget elementor-widget-button\" data-id=\"947fea8\" data-element_type=\"widget\" data-e-type=\"widget\" data-widget_type=\"button.default\">\n\t\t\t\t<div class=\"elementor-widget-container\">\n\t\t\t\t\t\t\t\t\t<div class=\"elementor-button-wrapper\">\n\t\t\t\t\t<a class=\"elementor-button elementor-button-link elementor-size-sm\" href=\"https:\/\/www.labussolahotel.it\/de\/wo-wir-sind\/\">\n\t\t\t\t\t\t<span class=\"elementor-button-content-wrapper\">\n\t\t\t\t\t\t\t\t\t<span class=\"elementor-button-text\">Wo wir sind<\/span>\n\t\t\t\t\t<\/span>\n\t\t\t\t\t<\/a>\n\t\t\t\t<\/div>\n\t\t\t\t\t\t\t\t<\/div>\n\t\t\t\t<\/div>\n\t\t\t\t<div class=\"elementor-element elementor-element-9a8f00f elementor-widget elementor-widget-spacer\" data-id=\"9a8f00f\" data-element_type=\"widget\" data-e-type=\"widget\" data-widget_type=\"spacer.default\">\n\t\t\t\t<div class=\"elementor-widget-container\">\n\t\t\t\t\t\t\t<div class=\"elementor-spacer\">\n\t\t\t<div class=\"elementor-spacer-inner\"><\/div>\n\t\t<\/div>\n\t\t\t\t\t\t<\/div>\n\t\t\t\t<\/div>\n\t\t\t\t<div class=\"elementor-element elementor-element-56e839e elementor-widget elementor-widget-spacer\" data-id=\"56e839e\" data-element_type=\"widget\" data-e-type=\"widget\" data-widget_type=\"spacer.default\">\n\t\t\t\t<div class=\"elementor-widget-container\">\n\t\t\t\t\t\t\t<div class=\"elementor-spacer\">\n\t\t\t<div class=\"elementor-spacer-inner\"><\/div>\n\t\t<\/div>\n\t\t\t\t\t\t<\/div>\n\t\t\t\t<\/div>\n\t\t\t\t<div class=\"elementor-element elementor-element-a9d9707 elementor-widget elementor-widget-spacer\" data-id=\"a9d9707\" data-element_type=\"widget\" data-e-type=\"widget\" data-widget_type=\"spacer.default\">\n\t\t\t\t<div class=\"elementor-widget-container\">\n\t\t\t\t\t\t\t<div class=\"elementor-spacer\">\n\t\t\t<div class=\"elementor-spacer-inner\"><\/div>\n\t\t<\/div>\n\t\t\t\t\t\t<\/div>\n\t\t\t\t<\/div>\n\t\t\t\t<div class=\"elementor-element elementor-element-c050a9a elementor-widget elementor-widget-spacer\" data-id=\"c050a9a\" data-element_type=\"widget\" data-e-type=\"widget\" data-widget_type=\"spacer.default\">\n\t\t\t\t<div class=\"elementor-widget-container\">\n\t\t\t\t\t\t\t<div class=\"elementor-spacer\">\n\t\t\t<div class=\"elementor-spacer-inner\"><\/div>\n\t\t<\/div>\n\t\t\t\t\t\t<\/div>\n\t\t\t\t<\/div>\n\t\t\t\t\t<\/div>\n\t\t<\/div>\n\t\t\t\t\t<\/div>\n\t\t<\/section>\n\t\t\t\t<\/div>\n\t\t","protected":false},"excerpt":{"rendered":"<p>Leidenschaft und Hingabe f\u00fcr die Gastfreundschaft in einem privilegierten Umfeld Das Hotel La Bussola in Amalfi ist das Ergebnis der sorgf\u00e4ltigen Restaurierung einer alten Nudelfabrik aus den fr\u00fchen 1900er Jahren, die direkt am Meer gebaut [&hellip;]<\/p>\n","protected":false},"author":1,"featured_media":3577,"parent":0,"menu_order":0,"comment_status":"closed","ping_status":"closed","template":"templates\/template-fullwidth-boxed.php","meta":{"inline_featured_image":false,"footnotes":""},"class_list":["post-3605","page","type-page","status-publish","has-post-thumbnail","hentry"],"yoast_head":"<!-- This site is optimized with the Yoast SEO plugin v27.2 - https:\/\/yoast.com\/product\/yoast-seo-wordpress\/ -->\n<title>Unser Hotel - La Bussola Hotel<\/title>\n<meta name=\"robots\" content=\"index, follow, max-snippet:-1, max-image-preview:large, max-video-preview:-1\" \/>\n<link rel=\"canonical\" href=\"https:\/\/www.labussolahotel.it\/de\/unser-hotel\/\" \/>\n<meta property=\"og:locale\" content=\"de_DE\" \/>\n<meta property=\"og:type\" content=\"article\" \/>\n<meta property=\"og:title\" content=\"Unser Hotel - La Bussola Hotel\" \/>\n<meta property=\"og:description\" content=\"Leidenschaft und Hingabe f\u00fcr die Gastfreundschaft in einem privilegierten Umfeld Das Hotel La Bussola in Amalfi ist das Ergebnis der sorgf\u00e4ltigen Restaurierung einer alten Nudelfabrik aus den fr\u00fchen 1900er Jahren, die direkt am Meer gebaut [&hellip;]\" \/>\n<meta property=\"og:url\" content=\"https:\/\/www.labussolahotel.it\/de\/unser-hotel\/\" \/>\n<meta property=\"og:site_name\" content=\"La Bussola Hotel\" \/>\n<meta property=\"article:modified_time\" content=\"2024-06-27T04:53:26+00:00\" \/>\n<meta property=\"og:image\" content=\"https:\/\/www.labussolahotel.it\/wp-content\/uploads\/2024\/03\/Hotel-La-Bussola-Amalfi-skyview.webp\" \/>\n\t<meta property=\"og:image:width\" content=\"2003\" \/>\n\t<meta property=\"og:image:height\" content=\"1480\" \/>\n\t<meta property=\"og:image:type\" content=\"image\/webp\" \/>\n<meta name=\"twitter:card\" content=\"summary_large_image\" \/>\n<meta name=\"twitter:label1\" content=\"Gesch\u00e4tzte Lesezeit\" \/>\n\t<meta name=\"twitter:data1\" content=\"1\u00a0Minute\" \/>\n<script type=\"application\/ld+json\" class=\"yoast-schema-graph\">{\"@context\":\"https:\/\/schema.org\",\"@graph\":[{\"@type\":\"WebPage\",\"@id\":\"https:\/\/www.labussolahotel.it\/de\/unser-hotel\/\",\"url\":\"https:\/\/www.labussolahotel.it\/de\/unser-hotel\/\",\"name\":\"Unser Hotel - La Bussola Hotel\",\"isPartOf\":{\"@id\":\"https:\/\/www.labussolahotel.it\/de\/#website\"},\"primaryImageOfPage\":{\"@id\":\"https:\/\/www.labussolahotel.it\/de\/unser-hotel\/#primaryimage\"},\"image\":{\"@id\":\"https:\/\/www.labussolahotel.it\/de\/unser-hotel\/#primaryimage\"},\"thumbnailUrl\":\"https:\/\/www.labussolahotel.it\/wp-content\/uploads\/2024\/03\/Hotel-La-Bussola-Amalfi-skyview.webp\",\"datePublished\":\"2024-03-04T11:56:03+00:00\",\"dateModified\":\"2024-06-27T04:53:26+00:00\",\"breadcrumb\":{\"@id\":\"https:\/\/www.labussolahotel.it\/de\/unser-hotel\/#breadcrumb\"},\"inLanguage\":\"de\",\"potentialAction\":[{\"@type\":\"ReadAction\",\"target\":[\"https:\/\/www.labussolahotel.it\/de\/unser-hotel\/\"]}]},{\"@type\":\"ImageObject\",\"inLanguage\":\"de\",\"@id\":\"https:\/\/www.labussolahotel.it\/de\/unser-hotel\/#primaryimage\",\"url\":\"https:\/\/www.labussolahotel.it\/wp-content\/uploads\/2024\/03\/Hotel-La-Bussola-Amalfi-skyview.webp\",\"contentUrl\":\"https:\/\/www.labussolahotel.it\/wp-content\/uploads\/2024\/03\/Hotel-La-Bussola-Amalfi-skyview.webp\",\"width\":2003,\"height\":1480},{\"@type\":\"BreadcrumbList\",\"@id\":\"https:\/\/www.labussolahotel.it\/de\/unser-hotel\/#breadcrumb\",\"itemListElement\":[{\"@type\":\"ListItem\",\"position\":1,\"name\":\"Home\",\"item\":\"https:\/\/www.labussolahotel.it\/de\/home\/\"},{\"@type\":\"ListItem\",\"position\":2,\"name\":\"Unser Hotel\"}]},{\"@type\":\"WebSite\",\"@id\":\"https:\/\/www.labussolahotel.it\/de\/#website\",\"url\":\"https:\/\/www.labussolahotel.it\/de\/\",\"name\":\"La Bussola Hotel\",\"description\":\"\",\"potentialAction\":[{\"@type\":\"SearchAction\",\"target\":{\"@type\":\"EntryPoint\",\"urlTemplate\":\"https:\/\/www.labussolahotel.it\/de\/?s={search_term_string}\"},\"query-input\":{\"@type\":\"PropertyValueSpecification\",\"valueRequired\":true,\"valueName\":\"search_term_string\"}}],\"inLanguage\":\"de\"}]}<\/script>\n<!-- \/ Yoast SEO plugin. -->","yoast_head_json":{"title":"Unser Hotel - La Bussola Hotel","robots":{"index":"index","follow":"follow","max-snippet":"max-snippet:-1","max-image-preview":"max-image-preview:large","max-video-preview":"max-video-preview:-1"},"canonical":"https:\/\/www.labussolahotel.it\/de\/unser-hotel\/","og_locale":"de_DE","og_type":"article","og_title":"Unser Hotel - La Bussola Hotel","og_description":"Leidenschaft und Hingabe f\u00fcr die Gastfreundschaft in einem privilegierten Umfeld Das Hotel La Bussola in Amalfi ist das Ergebnis der sorgf\u00e4ltigen Restaurierung einer alten Nudelfabrik aus den fr\u00fchen 1900er Jahren, die direkt am Meer gebaut [&hellip;]","og_url":"https:\/\/www.labussolahotel.it\/de\/unser-hotel\/","og_site_name":"La Bussola Hotel","article_modified_time":"2024-06-27T04:53:26+00:00","og_image":[{"width":2003,"height":1480,"url":"https:\/\/www.labussolahotel.it\/wp-content\/uploads\/2024\/03\/Hotel-La-Bussola-Amalfi-skyview.webp","type":"image\/webp"}],"twitter_card":"summary_large_image","twitter_misc":{"Gesch\u00e4tzte Lesezeit":"1\u00a0Minute"},"schema":{"@context":"https:\/\/schema.org","@graph":[{"@type":"WebPage","@id":"https:\/\/www.labussolahotel.it\/de\/unser-hotel\/","url":"https:\/\/www.labussolahotel.it\/de\/unser-hotel\/","name":"Unser Hotel - La Bussola Hotel","isPartOf":{"@id":"https:\/\/www.labussolahotel.it\/de\/#website"},"primaryImageOfPage":{"@id":"https:\/\/www.labussolahotel.it\/de\/unser-hotel\/#primaryimage"},"image":{"@id":"https:\/\/www.labussolahotel.it\/de\/unser-hotel\/#primaryimage"},"thumbnailUrl":"https:\/\/www.labussolahotel.it\/wp-content\/uploads\/2024\/03\/Hotel-La-Bussola-Amalfi-skyview.webp","datePublished":"2024-03-04T11:56:03+00:00","dateModified":"2024-06-27T04:53:26+00:00","breadcrumb":{"@id":"https:\/\/www.labussolahotel.it\/de\/unser-hotel\/#breadcrumb"},"inLanguage":"de","potentialAction":[{"@type":"ReadAction","target":["https:\/\/www.labussolahotel.it\/de\/unser-hotel\/"]}]},{"@type":"ImageObject","inLanguage":"de","@id":"https:\/\/www.labussolahotel.it\/de\/unser-hotel\/#primaryimage","url":"https:\/\/www.labussolahotel.it\/wp-content\/uploads\/2024\/03\/Hotel-La-Bussola-Amalfi-skyview.webp","contentUrl":"https:\/\/www.labussolahotel.it\/wp-content\/uploads\/2024\/03\/Hotel-La-Bussola-Amalfi-skyview.webp","width":2003,"height":1480},{"@type":"BreadcrumbList","@id":"https:\/\/www.labussolahotel.it\/de\/unser-hotel\/#breadcrumb","itemListElement":[{"@type":"ListItem","position":1,"name":"Home","item":"https:\/\/www.labussolahotel.it\/de\/home\/"},{"@type":"ListItem","position":2,"name":"Unser Hotel"}]},{"@type":"WebSite","@id":"https:\/\/www.labussolahotel.it\/de\/#website","url":"https:\/\/www.labussolahotel.it\/de\/","name":"La Bussola Hotel","description":"","potentialAction":[{"@type":"SearchAction","target":{"@type":"EntryPoint","urlTemplate":"https:\/\/www.labussolahotel.it\/de\/?s={search_term_string}"},"query-input":{"@type":"PropertyValueSpecification","valueRequired":true,"valueName":"search_term_string"}}],"inLanguage":"de"}]}},"_links":{"self":[{"href":"https:\/\/www.labussolahotel.it\/de\/wp-json\/wp\/v2\/pages\/3605","targetHints":{"allow":["GET"]}}],"collection":[{"href":"https:\/\/www.labussolahotel.it\/de\/wp-json\/wp\/v2\/pages"}],"about":[{"href":"https:\/\/www.labussolahotel.it\/de\/wp-json\/wp\/v2\/types\/page"}],"author":[{"embeddable":true,"href":"https:\/\/www.labussolahotel.it\/de\/wp-json\/wp\/v2\/users\/1"}],"replies":[{"embeddable":true,"href":"https:\/\/www.labussolahotel.it\/de\/wp-json\/wp\/v2\/comments?post=3605"}],"version-history":[{"count":1,"href":"https:\/\/www.labussolahotel.it\/de\/wp-json\/wp\/v2\/pages\/3605\/revisions"}],"predecessor-version":[{"id":3607,"href":"https:\/\/www.labussolahotel.it\/de\/wp-json\/wp\/v2\/pages\/3605\/revisions\/3607"}],"wp:featuredmedia":[{"embeddable":true,"href":"https:\/\/www.labussolahotel.it\/de\/wp-json\/wp\/v2\/media\/3577"}],"wp:attachment":[{"href":"https:\/\/www.labussolahotel.it\/de\/wp-json\/wp\/v2\/media?parent=3605"}],"curies":[{"name":"wp","href":"https:\/\/api.w.org\/{rel}","templated":true}]}}