{"id":3608,"date":"2024-03-04T11:56:03","date_gmt":"2024-03-04T11:56:03","guid":{"rendered":"https:\/\/demo.labussolahotel.it\/nuestro-hotel\/"},"modified":"2024-06-27T04:54:40","modified_gmt":"2024-06-27T04:54:40","slug":"nuestro-hotel","status":"publish","type":"page","link":"https:\/\/www.labussolahotel.it\/es\/nuestro-hotel\/","title":{"rendered":"Nuestro hotel"},"content":{"rendered":"\t\t<div data-elementor-type=\"wp-page\" data-elementor-id=\"3608\" class=\"elementor elementor-3608 elementor-789\">\n\t\t\t\t\t\t<section class=\"elementor-section elementor-top-section elementor-element elementor-element-9d11e26 elementor-section-full_width elementor-section-height-default elementor-section-height-default\" data-id=\"9d11e26\" data-element_type=\"section\" data-e-type=\"section\">\n\t\t\t\t\t\t<div class=\"elementor-container elementor-column-gap-extended\">\n\t\t\t\t\t<div class=\"elementor-column elementor-col-100 elementor-top-column elementor-element elementor-element-7ecac50\" data-id=\"7ecac50\" data-element_type=\"column\" data-e-type=\"column\">\n\t\t\t<div class=\"elementor-widget-wrap elementor-element-populated\">\n\t\t\t\t\t\t<div class=\"elementor-element elementor-element-165eecb elementor-widget elementor-widget-image\" data-id=\"165eecb\" data-element_type=\"widget\" data-e-type=\"widget\" data-widget_type=\"image.default\">\n\t\t\t\t<div class=\"elementor-widget-container\">\n\t\t\t\t\t\t\t\t\t\t\t\t\t\t\t<img decoding=\"async\" width=\"209\" height=\"45\" src=\"https:\/\/www.labussolahotel.it\/wp-content\/uploads\/2023\/04\/divider_01.svg\" class=\"attachment-full size-full wp-image-115\" alt=\"\" \/>\t\t\t\t\t\t\t\t\t\t\t\t\t\t\t<\/div>\n\t\t\t\t<\/div>\n\t\t\t\t<div class=\"elementor-element elementor-element-d753c0c elementor-widget elementor-widget-spacer\" data-id=\"d753c0c\" data-element_type=\"widget\" data-e-type=\"widget\" data-widget_type=\"spacer.default\">\n\t\t\t\t<div class=\"elementor-widget-container\">\n\t\t\t\t\t\t\t<div class=\"elementor-spacer\">\n\t\t\t<div class=\"elementor-spacer-inner\"><\/div>\n\t\t<\/div>\n\t\t\t\t\t\t<\/div>\n\t\t\t\t<\/div>\n\t\t\t\t<div class=\"elementor-element elementor-element-0cff3f5 elementor-widget elementor-widget-heading\" data-id=\"0cff3f5\" data-element_type=\"widget\" data-e-type=\"widget\" data-widget_type=\"heading.default\">\n\t\t\t\t<div class=\"elementor-widget-container\">\n\t\t\t\t\t<h2 class=\"elementor-heading-title elementor-size-default\">Pasi\u00f3n y dedicaci\u00f3n por la hospitalidad en un entorno privilegiado<\/h2>\t\t\t\t<\/div>\n\t\t\t\t<\/div>\n\t\t\t\t<div class=\"elementor-element elementor-element-9b54ab4 elementor-widget-divider--view-line elementor-widget elementor-widget-divider\" data-id=\"9b54ab4\" data-element_type=\"widget\" data-e-type=\"widget\" data-widget_type=\"divider.default\">\n\t\t\t\t<div class=\"elementor-widget-container\">\n\t\t\t\t\t\t\t<div class=\"elementor-divider\">\n\t\t\t<span class=\"elementor-divider-separator\">\n\t\t\t\t\t\t<\/span>\n\t\t<\/div>\n\t\t\t\t\t\t<\/div>\n\t\t\t\t<\/div>\n\t\t\t\t<div class=\"elementor-element elementor-element-a0d5368 elementor-widget elementor-widget-spacer\" data-id=\"a0d5368\" data-element_type=\"widget\" data-e-type=\"widget\" data-widget_type=\"spacer.default\">\n\t\t\t\t<div class=\"elementor-widget-container\">\n\t\t\t\t\t\t\t<div class=\"elementor-spacer\">\n\t\t\t<div class=\"elementor-spacer-inner\"><\/div>\n\t\t<\/div>\n\t\t\t\t\t\t<\/div>\n\t\t\t\t<\/div>\n\t\t\t\t\t<\/div>\n\t\t<\/div>\n\t\t\t\t\t<\/div>\n\t\t<\/section>\n\t\t\t\t<section class=\"elementor-section elementor-top-section elementor-element elementor-element-66deae9 elementor-section-full_width elementor-section-height-default elementor-section-height-default\" data-id=\"66deae9\" data-element_type=\"section\" data-e-type=\"section\">\n\t\t\t\t\t\t<div class=\"elementor-container elementor-column-gap-extended\">\n\t\t\t\t\t<div class=\"elementor-column elementor-col-100 elementor-top-column elementor-element elementor-element-ac1fd4d\" data-id=\"ac1fd4d\" data-element_type=\"column\" data-e-type=\"column\">\n\t\t\t<div class=\"elementor-widget-wrap elementor-element-populated\">\n\t\t\t\t\t\t<div class=\"elementor-element elementor-element-706c934 elementor-widget elementor-widget-spacer\" data-id=\"706c934\" data-element_type=\"widget\" data-e-type=\"widget\" data-widget_type=\"spacer.default\">\n\t\t\t\t<div class=\"elementor-widget-container\">\n\t\t\t\t\t\t\t<div class=\"elementor-spacer\">\n\t\t\t<div class=\"elementor-spacer-inner\"><\/div>\n\t\t<\/div>\n\t\t\t\t\t\t<\/div>\n\t\t\t\t<\/div>\n\t\t\t\t<div class=\"elementor-element elementor-element-c4f698f elementor-widget elementor-widget-text-editor\" data-id=\"c4f698f\" data-element_type=\"widget\" data-e-type=\"widget\" data-widget_type=\"text-editor.default\">\n\t\t\t\t<div class=\"elementor-widget-container\">\n\t\t\t\t\t\t\t\t\t<p>El hotel La Bussola de Amalfi es el resultado de la cuidadosa restauraci\u00f3n de una antigua f\u00e1brica de pasta de principios del siglo XX construida a orillas del mar, de la que conserva todas las estructuras portantes con grandes muros de toba y grandes metros c\u00fabicos, creando habitaciones con techos altos y mucha luz natural.<br \/>Abri\u00f3 como hotel familiar en 1963, gestionado con pasi\u00f3n y dedicaci\u00f3n por la familia Di Lieto-Bergamasco. Su nombre se debe tanto a la memoria de nuestros antepasados, que introdujeron el instrumento de la br\u00fajula en Europa, como a nuestra vocaci\u00f3n de cuidar y guiar a nuestros hu\u00e9spedes.<\/p>\n\t\t\t\t\t\t\t\t<\/div>\n\t\t\t\t<\/div>\n\t\t\t\t<div class=\"elementor-element elementor-element-5dfb7f2 elementor-widget elementor-widget-spacer\" data-id=\"5dfb7f2\" data-element_type=\"widget\" data-e-type=\"widget\" data-widget_type=\"spacer.default\">\n\t\t\t\t<div class=\"elementor-widget-container\">\n\t\t\t\t\t\t\t<div class=\"elementor-spacer\">\n\t\t\t<div class=\"elementor-spacer-inner\"><\/div>\n\t\t<\/div>\n\t\t\t\t\t\t<\/div>\n\t\t\t\t<\/div>\n\t\t\t\t\t<\/div>\n\t\t<\/div>\n\t\t\t\t\t<\/div>\n\t\t<\/section>\n\t\t\t\t<section class=\"elementor-section elementor-top-section elementor-element elementor-element-8ffc868 elementor-section-full_width elementor-section-height-default elementor-section-height-default\" data-id=\"8ffc868\" data-element_type=\"section\" data-e-type=\"section\">\n\t\t\t\t\t\t<div class=\"elementor-container elementor-column-gap-extended\">\n\t\t\t\t\t<div class=\"elementor-column elementor-col-100 elementor-top-column elementor-element elementor-element-6a956e0\" data-id=\"6a956e0\" data-element_type=\"column\" data-e-type=\"column\">\n\t\t\t<div class=\"elementor-widget-wrap elementor-element-populated\">\n\t\t\t\t\t\t<div class=\"elementor-element elementor-element-32f8c1d elementor-widget elementor-widget-spacer\" data-id=\"32f8c1d\" data-element_type=\"widget\" data-e-type=\"widget\" data-widget_type=\"spacer.default\">\n\t\t\t\t<div class=\"elementor-widget-container\">\n\t\t\t\t\t\t\t<div class=\"elementor-spacer\">\n\t\t\t<div class=\"elementor-spacer-inner\"><\/div>\n\t\t<\/div>\n\t\t\t\t\t\t<\/div>\n\t\t\t\t<\/div>\n\t\t\t\t<div class=\"elementor-element elementor-element-30b3aff gallery-spacing-custom elementor-widget elementor-widget-image-gallery\" data-id=\"30b3aff\" data-element_type=\"widget\" data-e-type=\"widget\" data-widget_type=\"image-gallery.default\">\n\t\t\t\t<div class=\"elementor-widget-container\">\n\t\t\t\t\t\t\t<div class=\"elementor-image-gallery\">\n\t\t\t<div id='gallery-1' class='gallery galleryid-3608 gallery-columns-3 gallery-size-large'><figure class='gallery-item'>\n\t\t\t<div class='gallery-icon portrait'>\n\t\t\t\t<a data-elementor-open-lightbox=\"no\" href='https:\/\/www.labussolahotel.it\/wp-content\/uploads\/2024\/05\/Hotel-La-Bussola-Amalfi-anno-1946.jpg' data-lightbox=\"gal[3608]\"><img fetchpriority=\"high\" decoding=\"async\" width=\"683\" height=\"1024\" src=\"https:\/\/www.labussolahotel.it\/wp-content\/uploads\/2024\/05\/Hotel-La-Bussola-Amalfi-anno-1946-683x1024.jpg\" class=\"attachment-large size-large\" alt=\"\" srcset=\"https:\/\/www.labussolahotel.it\/wp-content\/uploads\/2024\/05\/Hotel-La-Bussola-Amalfi-anno-1946-683x1024.jpg 683w, https:\/\/www.labussolahotel.it\/wp-content\/uploads\/2024\/05\/Hotel-La-Bussola-Amalfi-anno-1946-200x300.jpg 200w, https:\/\/www.labussolahotel.it\/wp-content\/uploads\/2024\/05\/Hotel-La-Bussola-Amalfi-anno-1946-768x1152.jpg 768w, https:\/\/www.labussolahotel.it\/wp-content\/uploads\/2024\/05\/Hotel-La-Bussola-Amalfi-anno-1946-1024x1536.jpg 1024w, https:\/\/www.labussolahotel.it\/wp-content\/uploads\/2024\/05\/Hotel-La-Bussola-Amalfi-anno-1946.jpg 1280w\" sizes=\"(max-width: 683px) 100vw, 683px\" \/><\/a>\n\t\t\t<\/div><\/figure><figure class='gallery-item'>\n\t\t\t<div class='gallery-icon portrait'>\n\t\t\t\t<a data-elementor-open-lightbox=\"no\" href='https:\/\/www.labussolahotel.it\/wp-content\/uploads\/2024\/03\/Hotel-La-Bussola-Amalfi-famiglia.jpg' data-lightbox=\"gal[3608]\"><img decoding=\"async\" width=\"683\" height=\"1024\" src=\"https:\/\/www.labussolahotel.it\/wp-content\/uploads\/2024\/03\/Hotel-La-Bussola-Amalfi-famiglia-683x1024.jpg\" class=\"attachment-large size-large\" alt=\"\" srcset=\"https:\/\/www.labussolahotel.it\/wp-content\/uploads\/2024\/03\/Hotel-La-Bussola-Amalfi-famiglia-683x1024.jpg 683w, https:\/\/www.labussolahotel.it\/wp-content\/uploads\/2024\/03\/Hotel-La-Bussola-Amalfi-famiglia-200x300.jpg 200w, https:\/\/www.labussolahotel.it\/wp-content\/uploads\/2024\/03\/Hotel-La-Bussola-Amalfi-famiglia-768x1152.jpg 768w, https:\/\/www.labussolahotel.it\/wp-content\/uploads\/2024\/03\/Hotel-La-Bussola-Amalfi-famiglia-1024x1536.jpg 1024w, https:\/\/www.labussolahotel.it\/wp-content\/uploads\/2024\/03\/Hotel-La-Bussola-Amalfi-famiglia.jpg 1280w\" sizes=\"(max-width: 683px) 100vw, 683px\" \/><\/a>\n\t\t\t<\/div><\/figure><figure class='gallery-item'>\n\t\t\t<div class='gallery-icon portrait'>\n\t\t\t\t<a data-elementor-open-lightbox=\"no\" href='https:\/\/www.labussolahotel.it\/wp-content\/uploads\/2024\/03\/Hotel-La-Bussola-Amalfi-0163.jpg' data-lightbox=\"gal[3608]\"><img loading=\"lazy\" decoding=\"async\" width=\"683\" height=\"1024\" src=\"https:\/\/www.labussolahotel.it\/wp-content\/uploads\/2024\/03\/Hotel-La-Bussola-Amalfi-0163-683x1024.jpg\" class=\"attachment-large size-large\" alt=\"\" srcset=\"https:\/\/www.labussolahotel.it\/wp-content\/uploads\/2024\/03\/Hotel-La-Bussola-Amalfi-0163-683x1024.jpg 683w, https:\/\/www.labussolahotel.it\/wp-content\/uploads\/2024\/03\/Hotel-La-Bussola-Amalfi-0163-200x300.jpg 200w, https:\/\/www.labussolahotel.it\/wp-content\/uploads\/2024\/03\/Hotel-La-Bussola-Amalfi-0163-768x1152.jpg 768w, https:\/\/www.labussolahotel.it\/wp-content\/uploads\/2024\/03\/Hotel-La-Bussola-Amalfi-0163-1024x1536.jpg 1024w, https:\/\/www.labussolahotel.it\/wp-content\/uploads\/2024\/03\/Hotel-La-Bussola-Amalfi-0163.jpg 1280w\" sizes=\"(max-width: 683px) 100vw, 683px\" \/><\/a>\n\t\t\t<\/div><\/figure>\n\t\t<\/div>\n\t\t<\/div>\n\t\t\t\t\t\t<\/div>\n\t\t\t\t<\/div>\n\t\t\t\t<div class=\"elementor-element elementor-element-4f9cd17 elementor-widget elementor-widget-spacer\" data-id=\"4f9cd17\" data-element_type=\"widget\" data-e-type=\"widget\" data-widget_type=\"spacer.default\">\n\t\t\t\t<div class=\"elementor-widget-container\">\n\t\t\t\t\t\t\t<div class=\"elementor-spacer\">\n\t\t\t<div class=\"elementor-spacer-inner\"><\/div>\n\t\t<\/div>\n\t\t\t\t\t\t<\/div>\n\t\t\t\t<\/div>\n\t\t\t\t<div class=\"elementor-element elementor-element-83be03c elementor-widget elementor-widget-text-editor\" data-id=\"83be03c\" data-element_type=\"widget\" data-e-type=\"widget\" data-widget_type=\"text-editor.default\">\n\t\t\t\t<div class=\"elementor-widget-container\">\n\t\t\t\t\t\t\t\t\t<p>Nuestra misi\u00f3n es proporcionar una experiencia relajante y acogedora que pueda ser un hogar y una familia para todos los viajeros lejos de casa. Nuestro hotel pretende ser un lugar de encuentro, reuni\u00f3n y realizaci\u00f3n de sue\u00f1os, y gracias a nuestros hu\u00e9spedes realizamos nuestras vidas.<\/p>\n<p>El edificio se encuentra en primera l\u00ednea de playa, a pocos pasos del mar y a un centenar de metros del muelle tur\u00edstico, la terminal de autobuses y la plaza de la catedral. Gracias a su c\u00e9ntrica ubicaci\u00f3n, el hotel es una soluci\u00f3n pr\u00e1ctica y c\u00f3moda para disfrutar plenamente de la Costa Amalfitana, declarada Patrimonio de la Humanidad por la UNESCO.<\/p>\n\t\t\t\t\t\t\t\t<\/div>\n\t\t\t\t<\/div>\n\t\t\t\t<div class=\"elementor-element elementor-element-8c362fe elementor-widget-divider--view-line elementor-widget elementor-widget-divider\" data-id=\"8c362fe\" data-element_type=\"widget\" data-e-type=\"widget\" data-widget_type=\"divider.default\">\n\t\t\t\t<div class=\"elementor-widget-container\">\n\t\t\t\t\t\t\t<div class=\"elementor-divider\">\n\t\t\t<span class=\"elementor-divider-separator\">\n\t\t\t\t\t\t<\/span>\n\t\t<\/div>\n\t\t\t\t\t\t<\/div>\n\t\t\t\t<\/div>\n\t\t\t\t<div class=\"elementor-element elementor-element-188ac2c elementor-widget elementor-widget-spacer\" data-id=\"188ac2c\" data-element_type=\"widget\" data-e-type=\"widget\" data-widget_type=\"spacer.default\">\n\t\t\t\t<div class=\"elementor-widget-container\">\n\t\t\t\t\t\t\t<div class=\"elementor-spacer\">\n\t\t\t<div class=\"elementor-spacer-inner\"><\/div>\n\t\t<\/div>\n\t\t\t\t\t\t<\/div>\n\t\t\t\t<\/div>\n\t\t\t\t<div class=\"elementor-element elementor-element-947fea8 elementor-align-center elementor-widget elementor-widget-button\" data-id=\"947fea8\" data-element_type=\"widget\" data-e-type=\"widget\" data-widget_type=\"button.default\">\n\t\t\t\t<div class=\"elementor-widget-container\">\n\t\t\t\t\t\t\t\t\t<div class=\"elementor-button-wrapper\">\n\t\t\t\t\t<a class=\"elementor-button elementor-button-link elementor-size-sm\" href=\"https:\/\/www.labussolahotel.it\/es\/donde-estamos\/\">\n\t\t\t\t\t\t<span class=\"elementor-button-content-wrapper\">\n\t\t\t\t\t\t\t\t\t<span class=\"elementor-button-text\">D\u00f3nde estamos<\/span>\n\t\t\t\t\t<\/span>\n\t\t\t\t\t<\/a>\n\t\t\t\t<\/div>\n\t\t\t\t\t\t\t\t<\/div>\n\t\t\t\t<\/div>\n\t\t\t\t<div class=\"elementor-element elementor-element-9a8f00f elementor-widget elementor-widget-spacer\" data-id=\"9a8f00f\" data-element_type=\"widget\" data-e-type=\"widget\" data-widget_type=\"spacer.default\">\n\t\t\t\t<div class=\"elementor-widget-container\">\n\t\t\t\t\t\t\t<div class=\"elementor-spacer\">\n\t\t\t<div class=\"elementor-spacer-inner\"><\/div>\n\t\t<\/div>\n\t\t\t\t\t\t<\/div>\n\t\t\t\t<\/div>\n\t\t\t\t<div class=\"elementor-element elementor-element-56e839e elementor-widget elementor-widget-spacer\" data-id=\"56e839e\" data-element_type=\"widget\" data-e-type=\"widget\" data-widget_type=\"spacer.default\">\n\t\t\t\t<div class=\"elementor-widget-container\">\n\t\t\t\t\t\t\t<div class=\"elementor-spacer\">\n\t\t\t<div class=\"elementor-spacer-inner\"><\/div>\n\t\t<\/div>\n\t\t\t\t\t\t<\/div>\n\t\t\t\t<\/div>\n\t\t\t\t<div class=\"elementor-element elementor-element-a9d9707 elementor-widget elementor-widget-spacer\" data-id=\"a9d9707\" data-element_type=\"widget\" data-e-type=\"widget\" data-widget_type=\"spacer.default\">\n\t\t\t\t<div class=\"elementor-widget-container\">\n\t\t\t\t\t\t\t<div class=\"elementor-spacer\">\n\t\t\t<div class=\"elementor-spacer-inner\"><\/div>\n\t\t<\/div>\n\t\t\t\t\t\t<\/div>\n\t\t\t\t<\/div>\n\t\t\t\t<div class=\"elementor-element elementor-element-c050a9a elementor-widget elementor-widget-spacer\" data-id=\"c050a9a\" data-element_type=\"widget\" data-e-type=\"widget\" data-widget_type=\"spacer.default\">\n\t\t\t\t<div class=\"elementor-widget-container\">\n\t\t\t\t\t\t\t<div class=\"elementor-spacer\">\n\t\t\t<div class=\"elementor-spacer-inner\"><\/div>\n\t\t<\/div>\n\t\t\t\t\t\t<\/div>\n\t\t\t\t<\/div>\n\t\t\t\t\t<\/div>\n\t\t<\/div>\n\t\t\t\t\t<\/div>\n\t\t<\/section>\n\t\t\t\t<\/div>\n\t\t","protected":false},"excerpt":{"rendered":"<p>Pasi\u00f3n y dedicaci\u00f3n por la hospitalidad en un entorno privilegiado El hotel La Bussola de Amalfi es el resultado de la cuidadosa restauraci\u00f3n de una antigua f\u00e1brica de pasta de principios del siglo XX construida [&hellip;]<\/p>\n","protected":false},"author":1,"featured_media":3594,"parent":0,"menu_order":0,"comment_status":"closed","ping_status":"closed","template":"templates\/template-fullwidth-boxed.php","meta":{"inline_featured_image":false,"footnotes":""},"class_list":["post-3608","page","type-page","status-publish","has-post-thumbnail","hentry"],"yoast_head":"<!-- This site is optimized with the Yoast SEO plugin v27.2 - https:\/\/yoast.com\/product\/yoast-seo-wordpress\/ -->\n<title>Nuestro hotel - La Bussola Hotel<\/title>\n<meta name=\"robots\" content=\"index, follow, max-snippet:-1, max-image-preview:large, max-video-preview:-1\" \/>\n<link rel=\"canonical\" href=\"https:\/\/www.labussolahotel.it\/es\/nuestro-hotel\/\" \/>\n<meta property=\"og:locale\" content=\"es_ES\" \/>\n<meta property=\"og:type\" content=\"article\" \/>\n<meta property=\"og:title\" content=\"Nuestro hotel - La Bussola Hotel\" \/>\n<meta property=\"og:description\" content=\"Pasi\u00f3n y dedicaci\u00f3n por la hospitalidad en un entorno privilegiado El hotel La Bussola de Amalfi es el resultado de la cuidadosa restauraci\u00f3n de una antigua f\u00e1brica de pasta de principios del siglo XX construida [&hellip;]\" \/>\n<meta property=\"og:url\" content=\"https:\/\/www.labussolahotel.it\/es\/nuestro-hotel\/\" \/>\n<meta property=\"og:site_name\" content=\"La Bussola Hotel\" \/>\n<meta property=\"article:modified_time\" content=\"2024-06-27T04:54:40+00:00\" \/>\n<meta property=\"og:image\" content=\"https:\/\/www.labussolahotel.it\/wp-content\/uploads\/2024\/03\/Hotel-La-Bussola-Amalfi-skyview.webp\" \/>\n\t<meta property=\"og:image:width\" content=\"2003\" \/>\n\t<meta property=\"og:image:height\" content=\"1480\" \/>\n\t<meta property=\"og:image:type\" content=\"image\/webp\" \/>\n<meta name=\"twitter:card\" content=\"summary_large_image\" \/>\n<meta name=\"twitter:label1\" content=\"Tiempo de lectura\" \/>\n\t<meta name=\"twitter:data1\" content=\"1 minuto\" \/>\n<script type=\"application\/ld+json\" class=\"yoast-schema-graph\">{\"@context\":\"https:\/\/schema.org\",\"@graph\":[{\"@type\":\"WebPage\",\"@id\":\"https:\/\/www.labussolahotel.it\/es\/nuestro-hotel\/\",\"url\":\"https:\/\/www.labussolahotel.it\/es\/nuestro-hotel\/\",\"name\":\"Nuestro hotel - La Bussola Hotel\",\"isPartOf\":{\"@id\":\"https:\/\/www.labussolahotel.it\/es\/#website\"},\"primaryImageOfPage\":{\"@id\":\"https:\/\/www.labussolahotel.it\/es\/nuestro-hotel\/#primaryimage\"},\"image\":{\"@id\":\"https:\/\/www.labussolahotel.it\/es\/nuestro-hotel\/#primaryimage\"},\"thumbnailUrl\":\"https:\/\/www.labussolahotel.it\/wp-content\/uploads\/2024\/03\/Hotel-La-Bussola-Amalfi-skyview.webp\",\"datePublished\":\"2024-03-04T11:56:03+00:00\",\"dateModified\":\"2024-06-27T04:54:40+00:00\",\"breadcrumb\":{\"@id\":\"https:\/\/www.labussolahotel.it\/es\/nuestro-hotel\/#breadcrumb\"},\"inLanguage\":\"es\",\"potentialAction\":[{\"@type\":\"ReadAction\",\"target\":[\"https:\/\/www.labussolahotel.it\/es\/nuestro-hotel\/\"]}]},{\"@type\":\"ImageObject\",\"inLanguage\":\"es\",\"@id\":\"https:\/\/www.labussolahotel.it\/es\/nuestro-hotel\/#primaryimage\",\"url\":\"https:\/\/www.labussolahotel.it\/wp-content\/uploads\/2024\/03\/Hotel-La-Bussola-Amalfi-skyview.webp\",\"contentUrl\":\"https:\/\/www.labussolahotel.it\/wp-content\/uploads\/2024\/03\/Hotel-La-Bussola-Amalfi-skyview.webp\",\"width\":2003,\"height\":1480},{\"@type\":\"BreadcrumbList\",\"@id\":\"https:\/\/www.labussolahotel.it\/es\/nuestro-hotel\/#breadcrumb\",\"itemListElement\":[{\"@type\":\"ListItem\",\"position\":1,\"name\":\"Home\",\"item\":\"https:\/\/www.labussolahotel.it\/es\/home\/\"},{\"@type\":\"ListItem\",\"position\":2,\"name\":\"Nuestro hotel\"}]},{\"@type\":\"WebSite\",\"@id\":\"https:\/\/www.labussolahotel.it\/es\/#website\",\"url\":\"https:\/\/www.labussolahotel.it\/es\/\",\"name\":\"La Bussola Hotel\",\"description\":\"\",\"potentialAction\":[{\"@type\":\"SearchAction\",\"target\":{\"@type\":\"EntryPoint\",\"urlTemplate\":\"https:\/\/www.labussolahotel.it\/es\/?s={search_term_string}\"},\"query-input\":{\"@type\":\"PropertyValueSpecification\",\"valueRequired\":true,\"valueName\":\"search_term_string\"}}],\"inLanguage\":\"es\"}]}<\/script>\n<!-- \/ Yoast SEO plugin. -->","yoast_head_json":{"title":"Nuestro hotel - La Bussola Hotel","robots":{"index":"index","follow":"follow","max-snippet":"max-snippet:-1","max-image-preview":"max-image-preview:large","max-video-preview":"max-video-preview:-1"},"canonical":"https:\/\/www.labussolahotel.it\/es\/nuestro-hotel\/","og_locale":"es_ES","og_type":"article","og_title":"Nuestro hotel - La Bussola Hotel","og_description":"Pasi\u00f3n y dedicaci\u00f3n por la hospitalidad en un entorno privilegiado El hotel La Bussola de Amalfi es el resultado de la cuidadosa restauraci\u00f3n de una antigua f\u00e1brica de pasta de principios del siglo XX construida [&hellip;]","og_url":"https:\/\/www.labussolahotel.it\/es\/nuestro-hotel\/","og_site_name":"La Bussola Hotel","article_modified_time":"2024-06-27T04:54:40+00:00","og_image":[{"width":2003,"height":1480,"url":"https:\/\/www.labussolahotel.it\/wp-content\/uploads\/2024\/03\/Hotel-La-Bussola-Amalfi-skyview.webp","type":"image\/webp"}],"twitter_card":"summary_large_image","twitter_misc":{"Tiempo de lectura":"1 minuto"},"schema":{"@context":"https:\/\/schema.org","@graph":[{"@type":"WebPage","@id":"https:\/\/www.labussolahotel.it\/es\/nuestro-hotel\/","url":"https:\/\/www.labussolahotel.it\/es\/nuestro-hotel\/","name":"Nuestro hotel - La Bussola Hotel","isPartOf":{"@id":"https:\/\/www.labussolahotel.it\/es\/#website"},"primaryImageOfPage":{"@id":"https:\/\/www.labussolahotel.it\/es\/nuestro-hotel\/#primaryimage"},"image":{"@id":"https:\/\/www.labussolahotel.it\/es\/nuestro-hotel\/#primaryimage"},"thumbnailUrl":"https:\/\/www.labussolahotel.it\/wp-content\/uploads\/2024\/03\/Hotel-La-Bussola-Amalfi-skyview.webp","datePublished":"2024-03-04T11:56:03+00:00","dateModified":"2024-06-27T04:54:40+00:00","breadcrumb":{"@id":"https:\/\/www.labussolahotel.it\/es\/nuestro-hotel\/#breadcrumb"},"inLanguage":"es","potentialAction":[{"@type":"ReadAction","target":["https:\/\/www.labussolahotel.it\/es\/nuestro-hotel\/"]}]},{"@type":"ImageObject","inLanguage":"es","@id":"https:\/\/www.labussolahotel.it\/es\/nuestro-hotel\/#primaryimage","url":"https:\/\/www.labussolahotel.it\/wp-content\/uploads\/2024\/03\/Hotel-La-Bussola-Amalfi-skyview.webp","contentUrl":"https:\/\/www.labussolahotel.it\/wp-content\/uploads\/2024\/03\/Hotel-La-Bussola-Amalfi-skyview.webp","width":2003,"height":1480},{"@type":"BreadcrumbList","@id":"https:\/\/www.labussolahotel.it\/es\/nuestro-hotel\/#breadcrumb","itemListElement":[{"@type":"ListItem","position":1,"name":"Home","item":"https:\/\/www.labussolahotel.it\/es\/home\/"},{"@type":"ListItem","position":2,"name":"Nuestro hotel"}]},{"@type":"WebSite","@id":"https:\/\/www.labussolahotel.it\/es\/#website","url":"https:\/\/www.labussolahotel.it\/es\/","name":"La Bussola Hotel","description":"","potentialAction":[{"@type":"SearchAction","target":{"@type":"EntryPoint","urlTemplate":"https:\/\/www.labussolahotel.it\/es\/?s={search_term_string}"},"query-input":{"@type":"PropertyValueSpecification","valueRequired":true,"valueName":"search_term_string"}}],"inLanguage":"es"}]}},"_links":{"self":[{"href":"https:\/\/www.labussolahotel.it\/es\/wp-json\/wp\/v2\/pages\/3608","targetHints":{"allow":["GET"]}}],"collection":[{"href":"https:\/\/www.labussolahotel.it\/es\/wp-json\/wp\/v2\/pages"}],"about":[{"href":"https:\/\/www.labussolahotel.it\/es\/wp-json\/wp\/v2\/types\/page"}],"author":[{"embeddable":true,"href":"https:\/\/www.labussolahotel.it\/es\/wp-json\/wp\/v2\/users\/1"}],"replies":[{"embeddable":true,"href":"https:\/\/www.labussolahotel.it\/es\/wp-json\/wp\/v2\/comments?post=3608"}],"version-history":[{"count":1,"href":"https:\/\/www.labussolahotel.it\/es\/wp-json\/wp\/v2\/pages\/3608\/revisions"}],"predecessor-version":[{"id":3610,"href":"https:\/\/www.labussolahotel.it\/es\/wp-json\/wp\/v2\/pages\/3608\/revisions\/3610"}],"wp:featuredmedia":[{"embeddable":true,"href":"https:\/\/www.labussolahotel.it\/es\/wp-json\/wp\/v2\/media\/3594"}],"wp:attachment":[{"href":"https:\/\/www.labussolahotel.it\/es\/wp-json\/wp\/v2\/media?parent=3608"}],"curies":[{"name":"wp","href":"https:\/\/api.w.org\/{rel}","templated":true}]}}