{"id":3669,"date":"2024-02-24T17:48:55","date_gmt":"2024-02-24T17:48:55","guid":{"rendered":"https:\/\/demo.labussolahotel.it\/politica-de-privacidad-y-cookies\/"},"modified":"2024-02-24T17:48:55","modified_gmt":"2024-02-24T17:48:55","slug":"politica-de-privacidad-y-cookies","status":"publish","type":"page","link":"https:\/\/www.labussolahotel.it\/es\/politica-de-privacidad-y-cookies\/","title":{"rendered":"Pol\u00edtica de privacidad y cookies"},"content":{"rendered":"<p>Esta p\u00e1gina describe c\u00f3mo se gestiona el sitio en lo que respecta al tratamiento de los datos personales de los usuarios que lo consultan.<br \/>\nEste aviso se proporciona de conformidad con el Reglamento UE 2016\/679 de 27 de abril de 2016 (<strong>GDPR)<\/strong> y el art\u00edculo 13 del Decreto Legislativo n. 196\/2003 &#8211; C\u00f3digo para la protecci\u00f3n de datos personales &#8211; a aquellos que interact\u00faan con los servicios web de <strong>La Bussola Hotel<\/strong>, accesibles por medios electr\u00f3nicos desde las direcciones:   <\/p>\n<p><strong><a href=\"https:\/\/labussolahotel.it\" target=\"_blank\" rel=\"noopener noreferrer\">https:\/\/labussolahotel.it<\/a><\/strong><\/p>\n<p><strong><a href=\"https:\/\/hotelbussola.it\" target=\"_blank\" rel=\"noopener\">https:\/\/hotelbussola.it<\/a><\/strong><\/p>\n<p><strong><a href=\"https:\/\/bussolahotel.it\">https:\/\/bussolahotel.it<\/a><\/strong><\/p>\n<p>correspondientes a las p\u00e1ginas iniciales del sitio propiedad de <strong>Hotel La Bussola<\/strong> S.r.l. La informaci\u00f3n se proporciona s\u00f3lo para los sitios mencionados y no para los otros sitios web que pueden ser consultados por el usuario a trav\u00e9s de enlaces.<\/p>\n<h2>EL &#8220;PROPIETARIO&#8221; DEL TRATAMIENTO<\/h2>\n<p>El Responsable del tratamiento es <strong>Hotel La Bussola S.r.l<\/strong>., con domicilio social en <strong>Lungomare dei Cavalieri, 16 84011 Amalfi (SA).<\/strong><\/p>\n<h2>CONTROLADORES DE DATOS<\/h2>\n<p>La lista completa y actualizada de las partes responsables designadas puede solicitarse a nuestra oficina.<\/p>\n<h2>TIPOS DE DATOS TRATADOS<\/h2>\n<h3>Datos de navegaci\u00f3n<\/h3>\n<p>Los sistemas inform\u00e1ticos y los procedimientos de software utilizados para el funcionamiento de este sitio web adquieren, durante su funcionamiento normal, algunos datos personales cuya transmisi\u00f3n est\u00e1 impl\u00edcita en el uso de los protocolos de comunicaci\u00f3n de Internet. Esta informaci\u00f3n no se recoge para ser asociada a interesados identificados, sino que por su propia naturaleza podr\u00eda, a trav\u00e9s de su tratamiento y asociaci\u00f3n con datos en poder de terceros, permitir identificar a los usuarios.  En esta categor\u00eda de datos se incluyen las direcciones IP o los nombres de dominio de los ordenadores utilizados por los usuarios que se conectan al sitio, las direcciones en notaci\u00f3n URI (Uniform Resource Identifier) de los recursos solicitados, la hora de la solicitud, el m\u00e9todo utilizado para enviar la solicitud al servidor, el tama\u00f1o del archivo obtenido como respuesta, el c\u00f3digo num\u00e9rico que indica el estado de la respuesta dada por el servidor (correcto, error, etc.) y otros par\u00e1metros relativos al sistema operativo y al entorno inform\u00e1tico del usuario. Estos datos se utilizan con el \u00fanico fin de obtener informaci\u00f3n estad\u00edstica an\u00f3nima sobre el uso del sitio y comprobar su correcto funcionamiento. Los datos podr\u00edan utilizarse para determinar responsabilidades en caso de hipot\u00e9ticos delitos inform\u00e1ticos en perjuicio del sitio.  <\/p>\n<h3>Datos comunicados voluntariamente por el usuario<\/h3>\n<p>Excepto los datos de navegaci\u00f3n y las cookies utilizadas en el sitio web del <strong>Hotel La Bussola. <\/strong><strong> <\/strong>usted es siempre libre de facilitar sus datos personales. La solicitud de informaci\u00f3n y\/o presupuestos implica la adquisici\u00f3n de sus datos de contacto, necesarios para responder, as\u00ed como todos los datos personales incluidos en la comunicaci\u00f3n. Todos los datos personales recogidos ser\u00e1n tratados de conformidad con el art\u00edculo 6 del GDPR. Dichos datos recogidos por el Responsable del tratamiento a efectos de la eventual prestaci\u00f3n del servicio incluyen: &#8211; datos personales y de contacto, tales como: nombre, apellidos, direcci\u00f3n, n\u00famero de tel\u00e9fono, correo electr\u00f3nico y otros datos de contacto; &#8211; datos fiscales; &#8211; cualquier otro dato que considere oportuno comunicar. Para la compra de servicios ofrecidos a trav\u00e9s de nuestro sitio web, el suministro de datos es indispensable y obligatorio para la conclusi\u00f3n del pedido. Las interacciones con procesadores de pagos externos se rigen por la pol\u00edtica de privacidad de la organizaci\u00f3n que los proporciona.<\/p>\n<p>&nbsp;<\/p>\n<h2>COMUNICACI\u00d3N Y DIFUSI\u00d3N DE DATOS<\/h2>\n<p>Los datos personales que nos facilite se utilizar\u00e1n \u00fanicamente con el fin de realizar el servicio o prestaci\u00f3n solicitados y no se comunicar\u00e1n a terceros, salvo en los siguientes posibles casos:<\/p>\n<ul>\n<li>proveedores independientes que podr\u00e1n tratar los Datos Personales necesarios para el desempe\u00f1o de las funciones que les hayan sido encomendadas, pero no podr\u00e1n utilizarlos para otros fines, sin perjuicio de las garant\u00edas previstas en la ley;<\/li>\n<li>personas, empresas o despachos profesionales que prestan asistencia y asesoramiento en materia contable, administrativa, jur\u00eddica, fiscal, financiera y t\u00e9cnica;<\/li>\n<li>los sujetos cuyo derecho de acceso a los datos est\u00e9 reconocido por ley o por orden de las autoridades.<\/li>\n<\/ul>\n<p>Los servicios de pago se conf\u00edan a terceros proveedores, a los que usted comunicar\u00e1 sus datos, incluidos los datos personales y los relativos a las tarjetas de cr\u00e9dito, que actuar\u00e1n como responsables aut\u00f3nomos del tratamiento para prestar los servicios de pago de conformidad con la normativa aplicable y las normas internacionales de seguridad. El tratamiento relacionado con los servicios web est\u00e1 a cargo \u00fanicamente del personal t\u00e9cnico encargado del tratamiento, o de personas encargadas de operaciones ocasionales de mantenimiento. Ning\u00fan dato derivado del servicio web se comunica o divulga a terceros.<\/p>\n<h2>ALMACENAMIENTO DE LOS DATOS RECOGIDOS<\/h2>\n<p>Los datos personales ser\u00e1n tratados en soporte papel o inform\u00e1tico durante el tiempo necesario para alcanzar los fines para los que fueron recogidos o, en cualquier caso, durante el tiempo necesario para conocer, ejercitar y defender ante los tribunales nuestros derechos y los derechos de los usuarios.<\/p>\n<h2>PROTECCI\u00d3N DE DATOS<\/h2>\n<p>Nos comprometemos a proteger los datos personales de nuestros usuarios. Por este motivo, hemos establecido y adoptamos las medidas t\u00e9cnicas y organizativas adecuadas para garantizar la seguridad de los datos personales facilitados. En particular: <\/p>\n<ul>\n<li>Auditamos nuestras pr\u00e1cticas de adquisici\u00f3n, almacenamiento y actividades de tratamiento de datos, incluidas las medidas de seguridad f\u00edsica, para impedir el acceso no autorizado a los sistemas;<\/li>\n<li>utilizamos tecnolog\u00edas de cifrado cuando procede;<\/li>\n<li>utilizamos medidas de protecci\u00f3n mediante contrase\u00f1a cuando procede;<\/li>\n<li>Restringimos el acceso a los Datos Personales a los empleados y contratistas que necesitan acceder a dichos datos para procesarlos en nuestro nombre y bajo estrictas obligaciones contractuales de confidencialidad.<\/li>\n<\/ul>\n<h2>POL\u00cdTICA DE COOKIES<\/h2>\n<h3>Informaci\u00f3n ampliada<\/h3>\n<p>El sitio web del <strong>Hotel La Bussola <\/strong> utiliza cookies y\/o tecnolog\u00edas similares para garantizar el correcto funcionamiento de los procedimientos y una mejor experiencia al utilizar las aplicaciones en l\u00ednea. En esta p\u00e1gina proporcionamos informaci\u00f3n detallada sobre el uso de cookies y tecnolog\u00edas asimiladas, c\u00f3mo se utilizan y c\u00f3mo gestionarlas, en cumplimiento de la reciente legislaci\u00f3n italiana y europea sobre obligaciones de informaci\u00f3n y protecci\u00f3n de los usuarios de sitios web. En concreto, le informamos de que el sitio no utiliza ni utilizar\u00e1 nunca cookies de seguimiento o de elaboraci\u00f3n de perfiles, sino s\u00f3lo las estrictamente necesarias para el funcionamiento y el an\u00e1lisis estructurado de las prestaciones y del tr\u00e1fico. <\/p>\n<h3>Definiciones<\/h3>\n<p>Las cookies son cadenas cortas de texto (letras y\/o n\u00fameros) que permiten al servidor web almacenar informaci\u00f3n sobre el cliente (el navegador) para reutilizarla durante la misma visita al sitio (cookies de sesi\u00f3n) o posteriormente, incluso d\u00edas despu\u00e9s (cookies persistentes). Las cookies son almacenadas, seg\u00fan las preferencias del usuario, por el navegador individual en el dispositivo espec\u00edfico utilizado (ordenador, tableta, smartphone). <\/p>\n<h3>Tipos de cookies<\/h3>\n<p>Dependiendo de las caracter\u00edsticas y el uso de las cookies, podemos distinguir diferentes categor\u00edas:<\/p>\n<p><strong>Cookies estrictamente necesarias. <\/strong><\/p>\n<p>Estas cookies son indispensables para el correcto funcionamiento del sitio web del Hotel La Bussola.<strong><\/strong><strong> <\/strong> y se utilizan para gestionar el inicio de sesi\u00f3n y el acceso a funciones restringidas del sitio. La duraci\u00f3n de las cookies se limita estrictamente a la sesi\u00f3n de trabajo (cuando se cierra el navegador se eliminan). <\/p>\n<p><strong>Cookies de an\u00e1lisis y rendimiento. <\/strong><\/p>\n<p>Se trata de cookies utilizadas para recopilar y analizar de forma an\u00f3nima el tr\u00e1fico y el uso del sitio. Estas cookies, aunque no identifican al usuario, permiten, por ejemplo, detectar si un mismo usuario vuelve en diferentes ocasiones. Tambi\u00e9n permiten supervisar el sistema y mejorar su rendimiento y facilidad de uso. Estas cookies pueden desactivarse sin p\u00e9rdida de funcionalidad.   <\/p>\n<p><strong>Cookies de elaboraci\u00f3n de perfiles. <\/strong><\/p>\n<p>Son cookies permanentes que se utilizan para identificar (de forma an\u00f3nima y no an\u00f3nima) sus preferencias y mejorar su experiencia de navegaci\u00f3n. Sitio web del Hotel La Bussola<strong><\/strong> <strong> <\/strong>no utiliza cookies de este tipo. Las cookies utilizadas en nuestro sitio pueden consultarse a trav\u00e9s del bot\u00f3n &#8220;Personalizar&#8221; accesible en el banner de cookies del sitio. Para acceder al banner de cookies despu\u00e9s de haber guardado sus preferencias sobre el uso de cookies, puede utilizar el bot\u00f3n &#8220;Configuraci\u00f3n de cookies&#8221; situado en la parte inferior de cada p\u00e1gina.<\/p>\n<h3>Cookies de terceros<\/h3>\n<p>Al visitar un sitio web, es posible que reciba cookies del sitio que est\u00e1 visitando (&#8220;cookies propias&#8221;) o de sitios gestionados por otras organizaciones (&#8220;cookies de terceros&#8221;).<\/p>\n<h3>Google Analytics<\/h3>\n<p>El sitio web del <strong>Hotel La Bussola <\/strong> tambi\u00e9n incluye componentes transmitidos por Google Analytics, un servicio de an\u00e1lisis de tr\u00e1fico web prestado por Google, Inc. (&#8220;Google&#8221;). Una vez m\u00e1s, se trata de cookies de terceros que, sin embargo, se recopilan y gestionan de forma an\u00f3nima para supervisar y mejorar el rendimiento del sitio anfitri\u00f3n (las denominadas cookies de rendimiento). En este sitio, la cookie de Google Analytics se ha convertido en an\u00f3nima para equipararla a las cookies t\u00e9cnicas. Con el uso de cookies de Google Analytics con IP anonimizada, de hecho, toda la informaci\u00f3n es recogida por Google Analytics en forma agregada. Para m\u00e1s informaci\u00f3n, consulte el siguiente enlace:    <\/p>\n<p><strong><a href=\"https:\/\/www.google.it\/policies\/privacy\/partners\/\">https:\/\/www.google.it\/policies\/privacy\/partners\/<\/a><\/strong><\/p>\n<p>El usuario puede inhabilitar selectivamente la acci\u00f3n de Google Analytics mediante la configuraci\u00f3n de cookies (v\u00e9ase Gesti\u00f3n de cookies). Alternativamente, puede instalar el componente de inhabilitaci\u00f3n proporcionado por Google en su navegador y descargable en el siguiente enlace: <\/p>\n<p><a href=\"https:\/\/tools.google.com\/dlpage\/gaoptout\"><strong>https:\/\/tools.google.com\/dlpage\/gaoptout<\/strong><\/a><\/p>\n<h3>Duraci\u00f3n de las cookies<\/h3>\n<p>Algunas cookies (cookies de sesi\u00f3n) permanecen activas s\u00f3lo hasta que se cierra el navegador o se ejecuta el comando de cierre de sesi\u00f3n. Otras cookies &#8220;sobreviven&#8221; cuando se cierra el navegador y est\u00e1n disponibles en posteriores visitas del usuario. Estas cookies se denominan persistentes y su duraci\u00f3n es fijada por el servidor en el momento de su creaci\u00f3n. En algunos casos se fija una fecha de caducidad, en otros la duraci\u00f3n es ilimitada. No obstante, al navegar por las p\u00e1ginas del sitio web del <strong>Hotel La Bussola<\/strong>, el usuario puede interactuar con sitios gestionados por terceros que pueden crear o modificar cookies persistentes y de elaboraci\u00f3n de perfiles. <\/p>\n<h3>Gesti\u00f3n de cookies<\/h3>\n<p>Puede decidir si acepta o no las cookies utilizando la configuraci\u00f3n de cookies del sitio, que puede modificarse mediante el bot\u00f3n &#8220;Configuraci\u00f3n de cookies&#8221; situado en el pie de p\u00e1gina del sitio. Atenci\u00f3n: la desactivaci\u00f3n total o parcial de las cookies t\u00e9cnicas puede afectar al uso de las funcionalidades del sitio reservadas a los usuarios registrados. Por el contrario, la utilizaci\u00f3n de los contenidos p\u00fablicos tambi\u00e9n es posible deshabilitando totalmente las cookies. La desactivaci\u00f3n de las cookies de &#8220;terceros&#8221; no afecta en modo alguno a la navegabilidad. Puede consultar una lista actualizada con instrucciones para gestionar las cookies en los navegadores m\u00e1s utilizados en <a href=\"https:\/\/kb.amalfiweb.it\/ikb\/gestione-cookie-nei-browser\/\">https:\/\/kb.amalfiweb.it\/ikb\/gestione-cookie-nei-browser\/<\/a><strong>. <\/strong><\/p>\n<h2>M\u00c9TODOS DE TRATAMIENTO<\/h2>\n<p>Los datos personales se procesan mediante herramientas automatizadas. Se observan medidas de seguridad espec\u00edficas para evitar la p\u00e9rdida de datos, usos il\u00edcitos o incorrectos y accesos no autorizados. <\/p>\n<h2>DERECHOS DE LOS INTERESADOS<\/h2>\n<p>Los derechos garantizados por la Normativa Aplicable podr\u00e1n ejercerse poni\u00e9ndose en contacto con el Responsable del Tratamiento, mediante carta certificada con acuse de recibo dirigida al domicilio social del <strong>Hotel La Bussola<\/strong> o enviando un correo electr\u00f3nico a <strong><a href=\"mailto:info@labussolahotel.it\" target=\"_blank\" rel=\"noopener noreferrer\">info@labussolahotel.it.<\/a><\/strong><\/p>\n<p>De conformidad con la legislaci\u00f3n aplicable, le informamos de que tiene derecho a obtener el<\/p>\n<ol>\n<li>el origen de los datos personales;<\/li>\n<li>los fines y m\u00e9todos del tratamiento;<\/li>\n<li>la l\u00f3gica aplicada en caso de tratamiento efectuado con ayuda de instrumentos electr\u00f3nicos;<\/li>\n<li>los datos de identificaci\u00f3n del Responsable del tratamiento y de los Responsables;<\/li>\n<li>de los sujetos o categor\u00edas de sujetos a los que puedan comunicarse los datos personales o que puedan tener conocimiento de ellos en calidad de responsables o encargados.<\/li>\n<\/ol>\n<p>Adem\u00e1s, tiene derecho a obtener:<\/p>\n<p>(a) acceso, actualizaci\u00f3n, rectificaci\u00f3n o, en su caso, integraci\u00f3n de los datos;<\/p>\n<p>b) la supresi\u00f3n, la transformaci\u00f3n en forma an\u00f3nima o el bloqueo de los datos tratados infringiendo la ley, incluidos aquellos cuya conservaci\u00f3n no sea necesaria en relaci\u00f3n con los fines para los que fueron recogidos o posteriormente tratados; (c) certificaci\u00f3n de que las transacciones a que se refieren los puntos<\/p>\n<p> a) y b) han sido puestos en conocimiento, tambi\u00e9n por lo que se refiere a su contenido, de aquellos a quienes los datos han sido comunicados o difundidos, salvo cuando ello resulte imposible o implique un esfuerzo manifiestamente desproporcionado respecto al derecho tutelado. Adem\u00e1s, usted tiene: (a) derecho a retirar su consentimiento, en cualquier momento, si ha consentido el tratamiento de sus datos personales con fines comerciales y de marketing; b) si procede, derecho a la portabilidad de los datos (derecho a recibir todos los datos personales que le conciernan en un formato estructurado, de uso com\u00fan y lectura mec\u00e1nica), derecho a la limitaci\u00f3n del tratamiento de sus datos personales y derecho a la supresi\u00f3n (&#8220;derecho al olvido&#8221;) c) derecho a oponerse, total o parcialmente, por motivos relacionados con su situaci\u00f3n personal, al tratamiento de los datos personales que le conciernan, aunque sean pertinentes para la finalidad de la recogida, as\u00ed como a oponerse, en cualquier momento, al tratamiento de datos con fines de mercadotecnia, o a oponerse \u00fanicamente en relaci\u00f3n con determinadas modalidades d) si considera que el tratamiento de sus datos personales por parte del responsable del tratamiento infringe el Reglamento, tiene derecho a presentar una reclamaci\u00f3n ante una autoridad de control (en el Estado miembro en el que tenga su residencia habitual, en el Estado miembro en el que trabaje o en el Estado miembro en el que se haya producido la presunta infracci\u00f3n). <\/p>\n<p> La autoridad de control italiana es el Garante per la protezione dei dati personali (Garante para la protecci\u00f3n de datos personales), con sede en Piazza di Monte Citorio n. 121, 00186 &#8211; Roma <strong>(<a href=\"http:\/\/www.garanteprivacy.it\/\">http:\/\/www.garanteprivacy.it\/<\/a>).<\/strong> <\/p>\n","protected":false},"excerpt":{"rendered":"<p>Esta p\u00e1gina describe c\u00f3mo se gestiona el sitio en lo que respecta al tratamiento de los datos personales de los usuarios que lo consultan. Este aviso se proporciona de conformidad con el Reglamento UE 2016\/679 [&hellip;]<\/p>\n","protected":false},"author":1,"featured_media":0,"parent":0,"menu_order":0,"comment_status":"closed","ping_status":"closed","template":"","meta":{"inline_featured_image":false,"footnotes":""},"class_list":["post-3669","page","type-page","status-publish","hentry"],"yoast_head":"<!-- This site is optimized with the Yoast SEO plugin v27.2 - https:\/\/yoast.com\/product\/yoast-seo-wordpress\/ -->\n<title>Pol\u00edtica de privacidad y cookies - La Bussola Hotel<\/title>\n<meta name=\"robots\" content=\"index, follow, max-snippet:-1, max-image-preview:large, max-video-preview:-1\" \/>\n<link rel=\"canonical\" href=\"https:\/\/www.labussolahotel.it\/es\/politica-de-privacidad-y-cookies\/\" \/>\n<meta property=\"og:locale\" content=\"es_ES\" \/>\n<meta property=\"og:type\" content=\"article\" \/>\n<meta property=\"og:title\" content=\"Pol\u00edtica de privacidad y cookies - La Bussola Hotel\" \/>\n<meta property=\"og:description\" content=\"Esta p\u00e1gina describe c\u00f3mo se gestiona el sitio en lo que respecta al tratamiento de los datos personales de los usuarios que lo consultan. Este aviso se proporciona de conformidad con el Reglamento UE 2016\/679 [&hellip;]\" \/>\n<meta property=\"og:url\" content=\"https:\/\/www.labussolahotel.it\/es\/politica-de-privacidad-y-cookies\/\" \/>\n<meta property=\"og:site_name\" content=\"La Bussola Hotel\" \/>\n<meta name=\"twitter:card\" content=\"summary_large_image\" \/>\n<meta name=\"twitter:label1\" content=\"Tiempo de lectura\" \/>\n\t<meta name=\"twitter:data1\" content=\"12 minutos\" \/>\n<script type=\"application\/ld+json\" class=\"yoast-schema-graph\">{\"@context\":\"https:\/\/schema.org\",\"@graph\":[{\"@type\":\"WebPage\",\"@id\":\"https:\/\/www.labussolahotel.it\/es\/politica-de-privacidad-y-cookies\/\",\"url\":\"https:\/\/www.labussolahotel.it\/es\/politica-de-privacidad-y-cookies\/\",\"name\":\"Pol\u00edtica de privacidad y cookies - La Bussola Hotel\",\"isPartOf\":{\"@id\":\"https:\/\/www.labussolahotel.it\/es\/#website\"},\"datePublished\":\"2024-02-24T17:48:55+00:00\",\"breadcrumb\":{\"@id\":\"https:\/\/www.labussolahotel.it\/es\/politica-de-privacidad-y-cookies\/#breadcrumb\"},\"inLanguage\":\"es\",\"potentialAction\":[{\"@type\":\"ReadAction\",\"target\":[\"https:\/\/www.labussolahotel.it\/es\/politica-de-privacidad-y-cookies\/\"]}]},{\"@type\":\"BreadcrumbList\",\"@id\":\"https:\/\/www.labussolahotel.it\/es\/politica-de-privacidad-y-cookies\/#breadcrumb\",\"itemListElement\":[{\"@type\":\"ListItem\",\"position\":1,\"name\":\"Home\",\"item\":\"https:\/\/www.labussolahotel.it\/es\/home\/\"},{\"@type\":\"ListItem\",\"position\":2,\"name\":\"Pol\u00edtica de privacidad y cookies\"}]},{\"@type\":\"WebSite\",\"@id\":\"https:\/\/www.labussolahotel.it\/es\/#website\",\"url\":\"https:\/\/www.labussolahotel.it\/es\/\",\"name\":\"La Bussola Hotel\",\"description\":\"\",\"potentialAction\":[{\"@type\":\"SearchAction\",\"target\":{\"@type\":\"EntryPoint\",\"urlTemplate\":\"https:\/\/www.labussolahotel.it\/es\/?s={search_term_string}\"},\"query-input\":{\"@type\":\"PropertyValueSpecification\",\"valueRequired\":true,\"valueName\":\"search_term_string\"}}],\"inLanguage\":\"es\"}]}<\/script>\n<!-- \/ Yoast SEO plugin. -->","yoast_head_json":{"title":"Pol\u00edtica de privacidad y cookies - La Bussola Hotel","robots":{"index":"index","follow":"follow","max-snippet":"max-snippet:-1","max-image-preview":"max-image-preview:large","max-video-preview":"max-video-preview:-1"},"canonical":"https:\/\/www.labussolahotel.it\/es\/politica-de-privacidad-y-cookies\/","og_locale":"es_ES","og_type":"article","og_title":"Pol\u00edtica de privacidad y cookies - La Bussola Hotel","og_description":"Esta p\u00e1gina describe c\u00f3mo se gestiona el sitio en lo que respecta al tratamiento de los datos personales de los usuarios que lo consultan. Este aviso se proporciona de conformidad con el Reglamento UE 2016\/679 [&hellip;]","og_url":"https:\/\/www.labussolahotel.it\/es\/politica-de-privacidad-y-cookies\/","og_site_name":"La Bussola Hotel","twitter_card":"summary_large_image","twitter_misc":{"Tiempo de lectura":"12 minutos"},"schema":{"@context":"https:\/\/schema.org","@graph":[{"@type":"WebPage","@id":"https:\/\/www.labussolahotel.it\/es\/politica-de-privacidad-y-cookies\/","url":"https:\/\/www.labussolahotel.it\/es\/politica-de-privacidad-y-cookies\/","name":"Pol\u00edtica de privacidad y cookies - La Bussola Hotel","isPartOf":{"@id":"https:\/\/www.labussolahotel.it\/es\/#website"},"datePublished":"2024-02-24T17:48:55+00:00","breadcrumb":{"@id":"https:\/\/www.labussolahotel.it\/es\/politica-de-privacidad-y-cookies\/#breadcrumb"},"inLanguage":"es","potentialAction":[{"@type":"ReadAction","target":["https:\/\/www.labussolahotel.it\/es\/politica-de-privacidad-y-cookies\/"]}]},{"@type":"BreadcrumbList","@id":"https:\/\/www.labussolahotel.it\/es\/politica-de-privacidad-y-cookies\/#breadcrumb","itemListElement":[{"@type":"ListItem","position":1,"name":"Home","item":"https:\/\/www.labussolahotel.it\/es\/home\/"},{"@type":"ListItem","position":2,"name":"Pol\u00edtica de privacidad y cookies"}]},{"@type":"WebSite","@id":"https:\/\/www.labussolahotel.it\/es\/#website","url":"https:\/\/www.labussolahotel.it\/es\/","name":"La Bussola Hotel","description":"","potentialAction":[{"@type":"SearchAction","target":{"@type":"EntryPoint","urlTemplate":"https:\/\/www.labussolahotel.it\/es\/?s={search_term_string}"},"query-input":{"@type":"PropertyValueSpecification","valueRequired":true,"valueName":"search_term_string"}}],"inLanguage":"es"}]}},"_links":{"self":[{"href":"https:\/\/www.labussolahotel.it\/es\/wp-json\/wp\/v2\/pages\/3669","targetHints":{"allow":["GET"]}}],"collection":[{"href":"https:\/\/www.labussolahotel.it\/es\/wp-json\/wp\/v2\/pages"}],"about":[{"href":"https:\/\/www.labussolahotel.it\/es\/wp-json\/wp\/v2\/types\/page"}],"author":[{"embeddable":true,"href":"https:\/\/www.labussolahotel.it\/es\/wp-json\/wp\/v2\/users\/1"}],"replies":[{"embeddable":true,"href":"https:\/\/www.labussolahotel.it\/es\/wp-json\/wp\/v2\/comments?post=3669"}],"version-history":[{"count":0,"href":"https:\/\/www.labussolahotel.it\/es\/wp-json\/wp\/v2\/pages\/3669\/revisions"}],"wp:attachment":[{"href":"https:\/\/www.labussolahotel.it\/es\/wp-json\/wp\/v2\/media?parent=3669"}],"curies":[{"name":"wp","href":"https:\/\/api.w.org\/{rel}","templated":true}]}}